{"id":2337,"date":"2024-09-25T11:14:19","date_gmt":"2024-09-25T11:14:19","guid":{"rendered":"https:\/\/remit.es\/?page_id=2337"},"modified":"2024-09-25T11:28:48","modified_gmt":"2024-09-25T11:28:48","slug":"politica-de-privacidad","status":"publish","type":"page","link":"https:\/\/remit.es\/index.php\/politica-de-privacidad\/","title":{"rendered":"Pol\u00edtica de privacidad"},"content":{"rendered":"<section class=\"wpb-content-wrapper\"><p>[vc_row overlay_dotted=\u00bb\u00bb css=\u00bb.vc_custom_1483945880021{padding-top: 65px !important;padding-bottom: 82px !important;}\u00bb][vc_column width=\u00bb1\/6&#8243;][\/vc_column][vc_column width=\u00bb2\/3&#8243; mh_opt=\u00bb\u00bb css=\u00bb.vc_custom_1727263664128{padding-top: 25px !important;padding-right: 25px !important;padding-left: 25px !important;}\u00bb][vc_column_text css=\u00bb.vc_custom_1727263727497{margin-bottom: 25px !important;}\u00bb]Identidad del Responsable del Tratamiento: CAMPUSDEPORTIVOVIRTUAL S.L<\/p>\n<p>Nombre de dominio: remit.es<\/p>\n<p>CIF: B95113015<\/p>\n<p>Domicilio social: Francesc Macia 4, 4 \u2013 48014 Bilbao<\/p>\n<p>Tel\u00e9fono de contacto:\u00a0<a href=\"tel:+34944758755\">94 475 87 55<\/a>\u00a0\u2013\u00a0<a href=\"tel:+34944765078\">94 476 50 78<\/a><\/p>\n<p>CAMPUSDEPORTIVOVIRTUAL S.L, es el Responsable del tratamiento de los datos personales del USUARIO y le informa que los datos facilitados ser\u00e1n tratados de conformidad con lo dispuesto en el Reglamento (UE) 2016\/679 de 27 de abril de 2016 (GDPR) relativo a la protecci\u00f3n de las personas f\u00edsicas en lo que respecta al tratamiento de datos personales y a la libre circulaci\u00f3n de estos datos, y al en la Ley Org\u00e1nica 3\/2018 de 5 de diciembre, de Protecci\u00f3n de Datos Personales y Garant\u00edas de Derechos Digitales, por lo que se le facilita la siguiente informaci\u00f3n del tratamiento:<\/p>\n<h3>Finalidad del tratamiento<\/h3>\n<p>CAMPUSDEPORTIVOVIRTUAL S.L, le informa de las siguientes finalidades:<\/p>\n<ul>\n<li>La recogida, almacenamiento, modificaci\u00f3n, estructuraci\u00f3n y en su caso, eliminaci\u00f3n, de los datos proporcionados por los Usuarios, constituir\u00e1n operaciones de tratamiento llevadas a cabo por el Responsable, con la finalidad de garantizar el correcto funcionamiento de la Aplicaci\u00f3n, mantener la relaci\u00f3n de prestaci\u00f3n de servicios y\/o comercial con el Usuario, y para la gesti\u00f3n, administraci\u00f3n, informaci\u00f3n, prestaci\u00f3n y mejora del servicio.<\/li>\n<li>La posibilidad de realizaci\u00f3n de estudios estad\u00edsticos.<\/li>\n<\/ul>\n<h3>Recogida y tratamiento de datos de car\u00e1cter personal<\/h3>\n<ul>\n<li>Pueden utilizarse los datos de car\u00e1cter personal para comprobar la identidad, colaborar en la identificaci\u00f3n de usuarios y decidir los servicios apropiados.<\/li>\n<li>Tambi\u00e9n se utilizan esos datos de car\u00e1cter personal con prop\u00f3sitos internos, incluyendo auditor\u00edas, an\u00e1lisis de datos y sondeos, para mejorar los productos, servicios y comunicaciones a clientes.<\/li>\n<li>Los datos personales facilitados por el Usuario -especialmente, el correo electr\u00f3nico o e-mail- podr\u00e1n emplearse tambi\u00e9n para remitir boletines (newsletters), as\u00ed como comunicaciones comerciales de promociones y\/o publicidad de la Aplicaci\u00f3n, siempre y cuando, el Usuario haya prestado previamente su consentimiento expreso para la recepci\u00f3n de estas comunicaciones v\u00eda electr\u00f3nica.<\/li>\n<\/ul>\n<p><\/p>\n<h3>Recopilaci\u00f3n y tratamiento de datos de car\u00e1cter no personal<\/h3>\n<p>Campusdeportivovirtual tambi\u00e9n recopilar\u00e1 datos de un modo que, por s\u00ed mismos, no pueden ser asociados directamente a una persona determinada. Estos datos de car\u00e1cter no personal se pueden recopilar, tratar, transferir y publicar con cualquier intenci\u00f3n. Estos son algunos ejemplos de las clases de datos de car\u00e1cter no personal que Campusdeportivovirtual puede recopilar y los fines para los que se realiza su tratamiento:<\/p>\n<ul>\n<li>Identificador \u00fanico de dispositivo para comprender mejor la conducta de nuestros clientes y mejorar nuestros productos, servicios y anuncios publicitarios.<\/li>\n<li>Datos sobre c\u00f3mo se usan determinados servicios, incluidas las consultas de b\u00fasqueda. Esta informaci\u00f3n se puede utilizar para incrementar la importancia de los resultados que aportan los servicios ofrecidos.<\/li>\n<\/ul>\n<p>Si juntamos datos de car\u00e1cter no personal con datos personales, los datos mezclados ser\u00e1n tratados como datos personales mientras sigan estando combinados.<\/p>\n<p>Los datos proporcionados se conservar\u00e1n mientras se mantenga la relaci\u00f3n comercial o durante los a\u00f1os necesarios para cumplir con las obligaciones legales. Los datos no se ceder\u00e1n a terceros salvo en los casos en que exista una obligaci\u00f3n legal.<\/p>\n<p>En la recogida y el tratamiento de los datos de car\u00e1cter personal se han adoptado las medidas de seguridad adecuadas para evitar la p\u00e9rdida, el acceso no autorizado o la manipulaci\u00f3n de los mismos.<\/p>\n<p>CAMPUSDEPORTIVOVIRTUAL S.L se compromete a proteger la informaci\u00f3n confidencial a la que tenga acceso.<\/p>\n<h3>Comunicaci\u00f3n de datos a terceros<\/h3>\n<p>Los datos no ser\u00e1n comunicados a terceros salvo en cumplimiento de obligaciones legales o de acuerdo a lo que se especifique en el servicio.<\/p>\n<h3>Medidas de seguridad<\/h3>\n<p>En la recogida y el tratamiento de los datos de car\u00e1cter personal se han adoptado las medidas de seguridad adecuadas para evitar la p\u00e9rdida, el acceso no autorizado o la manipulaci\u00f3n de los mismos. CAMPUSDEPORTIVOVIRTUAL S.L, se compromete a proteger la informaci\u00f3n confidencial a la que tenga acceso.<\/p>\n<h3>Derechos que asisten al Usuario<\/h3>\n<p>Derecho a retirar el consentimiento en cualquier momento para cualquier de las finalidades antes se\u00f1aladas, poni\u00e9ndose en contacto con nosotros en la sede de la empresa o a trav\u00e9s del e-mail de contacto.<\/p>\n<p>Derecho de acceso, rectificaci\u00f3n, portabilidad y supresi\u00f3n de sus datos y a la limitaci\u00f3n u oposici\u00f3n a su tratamiento.<\/p>\n<p>Derecho a presentar una reclamaci\u00f3n ante la autoridad de control (agpd.es) si considera que el tratamiento no se ajusta a la normativa vigente.<\/p>\n<p>Adem\u00e1s, aquellos interesados que deseen saber m\u00e1s informaci\u00f3n sobre sus derechos podr\u00e1n obtenerla llamando a los tel\u00e9fonos 901.100.099 \/91.266.35.17 de la Agencia Espa\u00f1ola de Protecci\u00f3n de Datos o en su p\u00e1gina web, en el siguiente enlace:\u00a0<a href=\"http:\/\/www.agpd.es\/portalwebAGPD\/CanalDelCiudadano\/derechos\/index-ides-idphp.php\">http:\/\/www.agpd.es\/portalwebAGPD\/CanalDelCiudadano\/derechos\/index-ides-idphp.php<\/a><\/p>\n<p>Asimismo, todos aquellos interesados que no hayan obtenido satisfacci\u00f3n en el ejercicio de sus derechos podr\u00e1n presentar una reclamaci\u00f3n ante la Agencia Espa\u00f1ola de Protecci\u00f3n de Datos, situada en la calle Jorge Juan, 6 28001-Madrid. www.agpd.es.<br \/>\nEl Usuario certifica que es mayor de 14 a\u00f1os y que por lo tanto posee la capacidad legal necesaria para la prestaci\u00f3n del consentimiento en cuanto al tratamiento de sus datos de car\u00e1cter personal y todo ello, de conformidad con lo establecido en la presente Pol\u00edtica de Privacidad.[\/vc_column_text][\/vc_column][vc_column width=\u00bb1\/6&#8243;][\/vc_column][\/vc_row]<\/p>\n<\/section>","protected":false},"excerpt":{"rendered":"[vc_row overlay_dotted=\u00bb\u00bb css=\u00bb.vc_custom_1483945880021{padding-top: 65px !important;padding-bottom: 82px !important;}\u00bb][vc_column width=\u00bb1\/6&#8243;][\/vc_column][vc_column width=\u00bb2\/3&#8243; mh_opt=\u00bb\u00bb css=\u00bb.vc_custom_1727263664128{padding-top: 25px !important;padding-right: 25px !important;padding-left: 25px !important;}\u00bb][vc_column_text css=\u00bb.vc_custom_1727263727497{margin-bottom: 25px !important;}\u00bb]Identidad del Responsable del Tratamiento: CAMPUSDEPORTIVOVIRTUAL S.L Nombre de dominio: remit.es CIF: B95113015 Domicilio social: Francesc Macia 4,[&#8230;]","protected":false},"author":1,"featured_media":0,"parent":0,"menu_order":0,"comment_status":"closed","ping_status":"closed","template":"","meta":{"footnotes":""},"class_list":["post-2337","page","type-page","status-publish","hentry"],"_links":{"self":[{"href":"https:\/\/remit.es\/index.php\/wp-json\/wp\/v2\/pages\/2337","targetHints":{"allow":["GET"]}}],"collection":[{"href":"https:\/\/remit.es\/index.php\/wp-json\/wp\/v2\/pages"}],"about":[{"href":"https:\/\/remit.es\/index.php\/wp-json\/wp\/v2\/types\/page"}],"author":[{"embeddable":true,"href":"https:\/\/remit.es\/index.php\/wp-json\/wp\/v2\/users\/1"}],"replies":[{"embeddable":true,"href":"https:\/\/remit.es\/index.php\/wp-json\/wp\/v2\/comments?post=2337"}],"version-history":[{"count":4,"href":"https:\/\/remit.es\/index.php\/wp-json\/wp\/v2\/pages\/2337\/revisions"}],"predecessor-version":[{"id":2341,"href":"https:\/\/remit.es\/index.php\/wp-json\/wp\/v2\/pages\/2337\/revisions\/2341"}],"wp:attachment":[{"href":"https:\/\/remit.es\/index.php\/wp-json\/wp\/v2\/media?parent=2337"}],"curies":[{"name":"wp","href":"https:\/\/api.w.org\/{rel}","templated":true}]}}