{"id":936,"date":"2016-10-08T14:40:54","date_gmt":"2016-10-08T14:40:54","guid":{"rendered":"http:\/\/localhost\/applander\/?page_id=936"},"modified":"2024-02-19T13:04:31","modified_gmt":"2024-02-19T13:04:31","slug":"inicio","status":"publish","type":"page","link":"https:\/\/remit.es\/","title":{"rendered":"Inicio"},"content":{"rendered":"<section class=\"wpb-content-wrapper\"><p>[vc_row overlay_dotted=\u00bb\u00bb css=\u00bb.vc_custom_1479795576479{padding-top: 114px !important;padding-bottom: 65px !important;}\u00bb el_id=\u00bbfeatures\u00bb][vc_column][vc_row_inner][vc_column_inner width=\u00bb1\/12&#8243;][\/vc_column_inner][vc_column_inner el_class=\u00bbawesome-app-service\u00bb width=\u00bb5\/12&#8243; css=\u00bb.vc_custom_1484131426416{padding-right: 35px !important;padding-left: 35px !important;}\u00bb]<div class=\"redl-service style2\" style=\"\"><span class=\"ti-target\" style=\"color:#036ded;\"><\/span><div class=\"redl-service-info\"><div class=\"redl-service-name\" style=\"\">Campa\u00f1a de captaci\u00f3n<\/div><p>Te ayudamos a definir la campa\u00f1a que te permita captar clientes y te haremos llegar un cartel publicitario personalizado que los redirija al portal de fidelizaci\u00f3n.<\/p>\n<\/div><\/div><div class=\"redl-service style2\" style=\"\"><span class=\"ti-panel\" style=\"color:#036ded;\"><\/span><div class=\"redl-service-info\"><div class=\"redl-service-name\" style=\"\">Panel de gesti\u00f3n<\/div><p>Nuestro sencillo dashboard on-line te permitir\u00e1 gestionar los datos de tus clientes y comunicarte con ellos, desde cualquier dispositivo y lugar del mundo.<\/p>\n<\/div><\/div>[\/vc_column_inner][vc_column_inner width=\u00bb5\/12&#8243; css=\u00bb.vc_custom_1476887176827{padding-right: 35px !important;padding-left: 35px !important;}\u00bb]<div class=\"redl-service style2\" style=\"\"><span class=\"ti-user\" style=\"color:#036ded;\"><\/span><div class=\"redl-service-info\"><div class=\"redl-service-name\" style=\"\">Registro de clientes<\/div><p>Contar\u00e1s con tu propio portal de fidelizaci\u00f3n en internet, en el que captar\u00e1s los datos necesarios de tus clientes gracias a nuestro formulario de registro personalizable.<\/p>\n<\/div><\/div><div class=\"redl-service style2\" style=\"\"><span class=\"ti-announcement\" style=\"color:#036ded;\"><\/span><div class=\"redl-service-info\"><div class=\"redl-service-name\" style=\"\">Comunicaci\u00f3n y fidelizaci\u00f3n<\/div><p>Env\u00eda atractivas newsletters y promociones a trav\u00e9s de e-mail (env\u00edos ilimitados) y mensajes de texto (SMS) a los m\u00f3viles de tus clientes; todo ello cumpliendo la LOPD.<\/p>\n<\/div><\/div>[\/vc_column_inner][vc_column_inner width=\u00bb1\/12&#8243;][\/vc_column_inner][\/vc_row_inner][\/vc_column][\/vc_row][vc_row full_width=\u00bbstretch_row\u00bb overlay_dotted=\u00bb\u00bb css=\u00bb.vc_custom_1484636334261{padding-top: 110px !important;padding-bottom: 120px !important;background-color: #151619 !important;background-position: 0 0 !important;background-repeat: no-repeat !important;}\u00bb el_id=\u00bbvideo\u00bb el_class=\u00bbbg-center-bottom\u00bb][vc_column width=\u00bb1\/3&#8243; css=\u00bb.vc_custom_1476888661346{padding-top: 45px !important;}\u00bb]<div class=\"section-heading-wrap   vc_custom_1694089178983\"><div class=\"section-heading  redl-heading-69e21b2d5ba4c\" ><strong><u>remit.es<\/u><\/strong> en acci\u00f3n<\/div><\/div>[vc_column_text css=\u00bb.vc_custom_1708345833744{margin-bottom: 27px !important;}\u00bb]En este v\u00eddeo de demostraci\u00f3n te ense\u00f1amos todas las funcionalidades y opciones que nuestra herramienta puede proporcionarte para fidelizar tus clientes.[\/vc_column_text]<a class=\"redl-btn redl-btn-four  redl-btn-medium redl-btn-69e21b2d5baac btn-hover-one btn-icon-left \" href=\"#pricing\">Empieza ahora<\/a>[\/vc_column][vc_column width=\u00bb2\/3&#8243;]<div class=\"redl-video video-class \"><a href=\"javascript:void(0);\" class=\"play-btn\" id=\"play-btn\"><i><\/i><\/a><img decoding=\"async\" src=\"https:\/\/remit.es\/wp-content\/uploads\/2023\/09\/captura_video.png\" alt=\"\" class=\"video-poster\" \/><iframe id=\"click-video\" src=\"https:\/\/player.vimeo.com\/video\/863555465?title=0&byline=0&portrait=0&\" frameborder=\"0\" webkitallowfullscreen mozallowfullscreen allowfullscreen><\/iframe><\/div>[\/vc_column][\/vc_row][vc_row overlay_dotted=\u00bb\u00bb css=\u00bb.vc_custom_1483769099409{padding-top: 121px !important;padding-bottom: 90px !important;}\u00bb el_id=\u00bboverview\u00bb][vc_column width=\u00bb1\/2&#8243; animation_style=\u00bbslideInLeftShort\u00bb animate_duration=\u00bb1000&#8243; css=\u00bb.vc_custom_1484055470499{padding-top: 0px !important;}\u00bb][vc_single_image image=\u00bb2300&#8243; img_size=\u00bbfull\u00bb alignment=\u00bbcenter\u00bb style=\u00bbvc_box_shadow\u00bb css=\u00bb.vc_custom_1694158594338{border-radius: 5px !important;}\u00bb][\/vc_column][vc_column width=\u00bb1\/2&#8243; animation_style=\u00bbslideInUpShort\u00bb animate_duration=\u00bb1000&#8243; css=\u00bb.vc_custom_1484055338825{padding-top: 46px !important;padding-right: 80px !important;padding-left: 52px !important;}\u00bb]<div class=\"section-heading-wrap   vc_custom_1694168447446\"><div class=\"section-heading  redl-heading-69e21b2d5caaa\" >Adquisici\u00f3n de clientes<\/div><\/div>[vc_column_text css=\u00bb.vc_custom_1694168460774{margin-bottom: 15px !important;}\u00bb]Te ayudamos a recoger los datos de tus clientes a trav\u00e9s de un portal web personalizado. T\u00fa decides qu\u00e9 datos solicitar.[\/vc_column_text]<div class=\"feature-info-wrap \"><ul><li style=\"\">Cartel f\u00edsico con dise\u00f1o personalizado incluido en el servicio.<\/li><li style=\"\">Acceso al portal de fidelizaci\u00f3n a trav\u00e9s de c\u00f3digo QR.<\/li><li style=\"\">Formulario de registro de clientes personalizable por el comercio.<\/li><\/ul><\/div><a class=\"redl-btn redl-btn-three  redl-btn-medium redl-btn-69e21b2d5cb6d btn-hover-one btn-icon-left \" href=\"http:\/\/demo.remit.es\" target=\"_blank\">VER PORTAL DE FIDELIZACI\u00d3N DEMO<\/a>[\/vc_column][\/vc_row][vc_row full_width=\u00bbstretch_row\u00bb overlay_dotted=\u00bb\u00bb css=\u00bb.vc_custom_1483769239617{padding-top: 121px !important;padding-bottom: 90px !important;background-color: #f7f8f9 !important;}\u00bb][vc_column width=\u00bb1\/2&#8243; animation_style=\u00bbslideInUpShort\u00bb animate_duration=\u00bb1000&#8243; animate_delay=\u00bb300ms\u00bb css=\u00bb.vc_custom_1484055394531{padding-top: 46px !important;padding-right: 80px !important;}\u00bb]<div class=\"section-heading-wrap   vc_custom_1694168701126\"><div class=\"section-heading  redl-heading-69e21b2d5cbc0\" >Fidelizaci\u00f3n de clientes<\/div><\/div>[vc_column_text css=\u00bb.vc_custom_1708347872133{margin-bottom: 28px !important;padding-bottom: 15px !important;}\u00bb]El panel de gesti\u00f3n de remit.es te ayuda a lanzar comunicaciones con el objetivo de fidelizar tus clientes e incrementar tus ingresos.[\/vc_column_text]<div class=\"feature-info-wrap \"><ul><li style=\"\">Dashboard on-line accesible desde cualquier dispositivo y lugar del mundo.<\/li><li style=\"\">Gestiona todos los datos de tus clientes de manera \u00e1gil.<\/li><li style=\"\">Env\u00edo ilimitado de boletines y ofertas a trav\u00e9s de e-mail.<\/li><li style=\"\">Env\u00edo de promociones a trav\u00e9s de SMS a los m\u00f3viles de los clientes.<\/li><\/ul><\/div><a class=\"redl-btn redl-btn-three  redl-btn-medium redl-btn-69e21b2d5cc53 btn-hover-one btn-icon-left \" href=\"#pricing\">EMPIEZA AHORA<\/a>[\/vc_column][vc_column width=\u00bb1\/2&#8243; animation_style=\u00bbslideInRightShort\u00bb animate_duration=\u00bb1000&#8243; css=\u00bb.vc_custom_1484055412274{padding-top: 0px !important;}\u00bb][vc_single_image image=\u00bb2302&#8243; img_size=\u00bbfull\u00bb alignment=\u00bbcenter\u00bb][\/vc_column][\/vc_row][vc_row overlay_dotted=\u00bb\u00bb css=\u00bb.vc_custom_1479795631873{padding-top: 113px !important;padding-bottom: 96px !important;}\u00bb el_id=\u00bbpricing\u00bb][vc_column css=\u00bb.vc_custom_1476891784991{padding-top: 0px !important;}\u00bb]<div class=\"section-heading-wrap   vc_custom_1694088374710\"><div class=\"section-heading  redl-heading-69e21b2d5cc8a\" >Planes personalizados<\/div><div class=\"section-sub-heading  redl-subheading-69e21b2d5cc8a\" >Nos adaptamos al tama\u00f1o de tu negocio, cons\u00faltanos sin ning\u00fan compromiso.<\/div><\/div>[vc_row_inner][vc_column_inner width=\u00bb1\/3&#8243;]<div class=\"pricing-item \"><h5>PRUEBA 15 D\u00cdAS<\/h5><h1>0\u20ac<\/h1><ul><li><img decoding=\"async\" src=\"https:\/\/remit.es\/wp-content\/plugins\/redel-core\/assets\/images\/check-icon.png\" alt=\"Check\"\/>Hasta 200 clientes<\/li><li><img decoding=\"async\" src=\"https:\/\/remit.es\/wp-content\/plugins\/redel-core\/assets\/images\/check-icon.png\" alt=\"Check\"\/>Env\u00edo ilimitado de e-mails<\/li><li><img decoding=\"async\" src=\"https:\/\/remit.es\/wp-content\/plugins\/redel-core\/assets\/images\/cancel-icon.png\" alt=\"Check\"\/>Env\u00edo de SMS<\/li><li><img decoding=\"async\" src=\"https:\/\/remit.es\/wp-content\/plugins\/redel-core\/assets\/images\/cancel-icon.png\" alt=\"Check\"\/>Cartel personalizado<\/li><\/ul><div class=\"clearfix\"><a href=\"#formulario\" class=\"redl-btn redl-btn-two redl-btn-medium-2\">EMPIEZA AHORA<\/a><\/div><\/div>[\/vc_column_inner][vc_column_inner width=\u00bb1\/3&#8243;]<div class=\"pricing-item featured\"><h5>KIT DIGITAL<\/h5><h1>GRATIS<\/h1><ul><li><img decoding=\"async\" src=\"https:\/\/remit.es\/wp-content\/plugins\/redel-core\/assets\/images\/check-icon.png\" alt=\"Check\"\/>Clientes ilimitados<\/li><li><img decoding=\"async\" src=\"https:\/\/remit.es\/wp-content\/plugins\/redel-core\/assets\/images\/check-icon.png\" alt=\"Check\"\/>Env\u00edo ilimitado de e-mails<\/li><li><img decoding=\"async\" src=\"https:\/\/remit.es\/wp-content\/plugins\/redel-core\/assets\/images\/check-icon.png\" alt=\"Check\"\/>1.000 SMS incluidos<\/li><li><img decoding=\"async\" src=\"https:\/\/remit.es\/wp-content\/plugins\/redel-core\/assets\/images\/check-icon.png\" alt=\"Check\"\/>Cartel personalizado<\/li><\/ul><div class=\"clearfix\"><a href=\"#formulario\" class=\"redl-btn redl-btn-two redl-btn-medium-2\">EMPIEZA AHORA<\/a><\/div><\/div>[\/vc_column_inner][vc_column_inner width=\u00bb1\/3&#8243;]<div class=\"pricing-item \"><h5>PLAN PERSONALIZADO<\/h5><h1>CONSULTA<\/h1><ul><li><img decoding=\"async\" src=\"https:\/\/remit.es\/wp-content\/plugins\/redel-core\/assets\/images\/check-icon.png\" alt=\"Check\"\/>Clientes ilimitados<\/li><li><img decoding=\"async\" src=\"https:\/\/remit.es\/wp-content\/plugins\/redel-core\/assets\/images\/check-icon.png\" alt=\"Check\"\/>Env\u00edo ilimitado de e-mails<\/li><li><img decoding=\"async\" src=\"https:\/\/remit.es\/wp-content\/plugins\/redel-core\/assets\/images\/check-icon.png\" alt=\"Check\"\/>Env\u00edo de SMS<\/li><li><img decoding=\"async\" src=\"https:\/\/remit.es\/wp-content\/plugins\/redel-core\/assets\/images\/check-icon.png\" alt=\"Check\"\/>Cartel personalizado<\/li><\/ul><div class=\"clearfix\"><a href=\"#formulario\" class=\"redl-btn redl-btn-two redl-btn-medium-2\">EMPIEZA AHORA<\/a><\/div><\/div>[\/vc_column_inner][\/vc_row_inner][vc_column_text css=\u00bb.vc_custom_1694168903894{margin-bottom: 0px !important;padding-top: 61px !important;}\u00bb]<\/p>\n<p style=\"text-align: center;\"><span style=\"font-size: 14px;\">Tras el consumo de los 1.000 SMS incluidos en el plan contratado, el coste es de 0,05\u20ac\/SMS<\/span><\/p>\n<p>[\/vc_column_text][\/vc_column][vc_column][\/vc_column][\/vc_row][vc_row full_width=\u00bbstretch_row\u00bb overlay_dotted=\u00bb\u00bb css=\u00bb.vc_custom_1694435675288{padding-top: 92px !important;padding-bottom: 100px !important;background-color: #036ded !important;}\u00bb el_class=\u00bbredl-subscribe-form style-two\u00bb el_id=\u00bbformulario\u00bb][vc_column css=\u00bb.vc_custom_1477472214092{padding-top: 0px !important;}\u00bb]<div class=\"section-heading-wrap   vc_custom_1694502400415\"><div class=\"section-heading  redl-heading-69e21b2d5cde0\" >Contrata <u>remit.es<\/u><\/div><div class=\"section-sub-heading  redl-subheading-69e21b2d5cde0\" >Rellena el formulario y nosotros contactaremos contigo<\/div><\/div>\n<div class=\"wpcf7 no-js\" id=\"wpcf7-f1194-o1\" lang=\"en-US\" dir=\"ltr\">\n<div class=\"screen-reader-response\"><p role=\"status\" aria-live=\"polite\" aria-atomic=\"true\"><\/p> <ul><\/ul><\/div>\n<form action=\"\/index.php\/wp-json\/wp\/v2\/pages\/936#wpcf7-f1194-o1\" method=\"post\" class=\"wpcf7-form init\" aria-label=\"Contact form\" novalidate=\"novalidate\" data-status=\"init\">\n<div style=\"display: none;\">\n<input type=\"hidden\" name=\"_wpcf7\" value=\"1194\" \/>\n<input type=\"hidden\" name=\"_wpcf7_version\" value=\"5.9.8\" \/>\n<input type=\"hidden\" name=\"_wpcf7_locale\" value=\"en_US\" \/>\n<input type=\"hidden\" name=\"_wpcf7_unit_tag\" value=\"wpcf7-f1194-o1\" \/>\n<input type=\"hidden\" name=\"_wpcf7_container_post\" value=\"0\" \/>\n<input type=\"hidden\" name=\"_wpcf7_posted_data_hash\" value=\"\" \/>\n<\/div>\n<div class=\"mc4wp-form\">\n\t<div class=\"mc4wp-form-fields\">\n\t\t<p><br \/>\n<span class=\"wpcf7-form-control-wrap\" data-name=\"Email\"><input size=\"40\" maxlength=\"400\" class=\"wpcf7-form-control wpcf7-email wpcf7-validates-as-required wpcf7-text wpcf7-validates-as-email\" aria-required=\"true\" aria-invalid=\"false\" placeholder=\"Introduce tu e-mail\" value=\"\" type=\"email\" name=\"Email\" \/><\/span>\n\t\t<\/p>\n\t\t<p><br \/>\n<span class=\"wpcf7-form-control-wrap\" data-name=\"phone\"><input size=\"40\" maxlength=\"400\" class=\"wpcf7-form-control wpcf7-tel wpcf7-text wpcf7-validates-as-tel\" aria-invalid=\"false\" placeholder=\"Introduce tu tel\u00e9fono\" value=\"\" type=\"tel\" name=\"phone\" \/><\/span>\n\t\t<\/p>\n\t\t<p><br \/>\n<input class=\"wpcf7-form-control wpcf7-submit has-spinner\" type=\"submit\" value=\"Enviar\" \/>\n\t\t<\/p>\n\t<\/div>\n<\/div><div class=\"wpcf7-response-output\" aria-hidden=\"true\"><\/div>\n<\/form>\n<\/div>\n[vc_column_text css=\u00bb.vc_custom_1694502687845{margin-bottom: 0px !important;padding-top: 61px !important;}\u00bb]<\/p>\n<p style=\"text-align: center;\"><span style=\"font-size: 12px; color: #fff;\">En <strong>remit.es<\/strong> tratamos la informaci\u00f3n que nos facilita con el fin de prestarle el servicio solicitado y realizar la facturaci\u00f3n del mismo, cuando proceda. Los datos proporcionados se conservar\u00e1n mientras se mantenga la relaci\u00f3n comercial o durante los a\u00f1os necesarios para cumplir con las obligaciones legales. Los datos no se ceder\u00e1n a terceros salvo en los casos en que exista una obligaci\u00f3n legal. Usted tiene derecho a obtener confirmaci\u00f3n sobre si en Campusdeportivovirtual, S.L estamos tratando sus datos personales por tanto tiene derecho a acceder a sus datos personales, rectificar los datos inexactos o solicitar su supresi\u00f3n cuando los datos ya no sean necesarios. Responsable: Campusdeportivovirtual, S.L &#8211; NIF: B95113015 Dir. postal: Francesc Mac\u00eda, 4.4\u00ba Tel\u00e9fono: 944758755 Correo electr\u00f3nico: info@campusdeportivo.com<\/span><\/p>\n<p>[\/vc_column_text][\/vc_column][\/vc_row]<\/p>\n<\/section>","protected":false},"excerpt":{"rendered":"[vc_row overlay_dotted=\u00bb\u00bb css=\u00bb.vc_custom_1479795576479{padding-top: 114px !important;padding-bottom: 65px !important;}\u00bb el_id=\u00bbfeatures\u00bb][vc_column][vc_row_inner][vc_column_inner width=\u00bb1\/12&#8243;][\/vc_column_inner][vc_column_inner el_class=\u00bbawesome-app-service\u00bb width=\u00bb5\/12&#8243; css=\u00bb.vc_custom_1484131426416{padding-right: 35px !important;padding-left: 35px !important;}\u00bb][\/vc_column_inner][vc_column_inner width=\u00bb5\/12&#8243; css=\u00bb.vc_custom_1476887176827{padding-right: 35px !important;padding-left: 35px !important;}\u00bb][\/vc_column_inner][vc_column_inner width=\u00bb1\/12&#8243;][\/vc_column_inner][\/vc_row_inner][\/vc_column][\/vc_row][vc_row full_width=\u00bbstretch_row\u00bb overlay_dotted=\u00bb\u00bb css=\u00bb.vc_custom_1484636334261{padding-top: 110px !important;padding-bottom: 120px !important;background-color: #151619 !important;background-position: 0 0 !important;background-repeat: no-repeat !important;}\u00bb[&#8230;]","protected":false},"author":1,"featured_media":0,"parent":0,"menu_order":0,"comment_status":"closed","ping_status":"closed","template":"","meta":{"footnotes":""},"class_list":["post-936","page","type-page","status-publish","hentry"],"_links":{"self":[{"href":"https:\/\/remit.es\/index.php\/wp-json\/wp\/v2\/pages\/936","targetHints":{"allow":["GET"]}}],"collection":[{"href":"https:\/\/remit.es\/index.php\/wp-json\/wp\/v2\/pages"}],"about":[{"href":"https:\/\/remit.es\/index.php\/wp-json\/wp\/v2\/types\/page"}],"author":[{"embeddable":true,"href":"https:\/\/remit.es\/index.php\/wp-json\/wp\/v2\/users\/1"}],"replies":[{"embeddable":true,"href":"https:\/\/remit.es\/index.php\/wp-json\/wp\/v2\/comments?post=936"}],"version-history":[{"count":66,"href":"https:\/\/remit.es\/index.php\/wp-json\/wp\/v2\/pages\/936\/revisions"}],"predecessor-version":[{"id":2335,"href":"https:\/\/remit.es\/index.php\/wp-json\/wp\/v2\/pages\/936\/revisions\/2335"}],"wp:attachment":[{"href":"https:\/\/remit.es\/index.php\/wp-json\/wp\/v2\/media?parent=936"}],"curies":[{"name":"wp","href":"https:\/\/api.w.org\/{rel}","templated":true}]}}